{"id":34,"date":"2021-01-14T08:38:07","date_gmt":"2021-01-14T07:38:07","guid":{"rendered":"http:\/\/www.davidniel-ph.de\/?page_id=34"},"modified":"2024-01-12T08:08:59","modified_gmt":"2024-01-12T07:08:59","slug":"preise","status":"publish","type":"page","link":"https:\/\/www.davidniel-ph.de\/?page_id=34","title":{"rendered":"Leistungen"},"content":{"rendered":"\t\t<div data-elementor-type=\"wp-page\" data-elementor-id=\"34\" class=\"elementor elementor-34\" data-elementor-settings=\"[]\">\n\t\t\t\t\t\t<div class=\"elementor-inner\">\n\t\t\t\t\t\t\t<div class=\"elementor-section-wrap\">\n\t\t\t\t\t\t\t<section class=\"elementor-section elementor-top-section elementor-element elementor-element-1f5a705 elementor-section-boxed elementor-section-height-default elementor-section-height-default\" data-id=\"1f5a705\" data-element_type=\"section\">\n\t\t\t\t\t\t<div class=\"elementor-container elementor-column-gap-default\">\n\t\t\t\t\t\t\t<div class=\"elementor-row\">\n\t\t\t\t\t<div class=\"elementor-column elementor-col-50 elementor-top-column elementor-element elementor-element-53e1d11\" data-id=\"53e1d11\" data-element_type=\"column\">\n\t\t\t<div class=\"elementor-column-wrap elementor-element-populated\">\n\t\t\t\t\t\t\t<div class=\"elementor-widget-wrap\">\n\t\t\t\t\t\t<div class=\"elementor-element elementor-element-826707e elementor-widget elementor-widget-image\" data-id=\"826707e\" data-element_type=\"widget\" data-widget_type=\"image.default\">\n\t\t\t\t<div class=\"elementor-widget-container\">\n\t\t\t\t\t\t\t\t<div class=\"elementor-image\">\n\t\t\t\t\t\t\t\t\t\t\t\t<img loading=\"lazy\" decoding=\"async\" width=\"800\" height=\"1000\" src=\"https:\/\/www.davidniel-ph.de\/wp-content\/uploads\/2022\/03\/DSC06365-819x1024.jpg\" class=\"attachment-large size-large\" alt=\"\" srcset=\"https:\/\/www.davidniel-ph.de\/wp-content\/uploads\/2022\/03\/DSC06365-819x1024.jpg 819w, https:\/\/www.davidniel-ph.de\/wp-content\/uploads\/2022\/03\/DSC06365-240x300.jpg 240w, https:\/\/www.davidniel-ph.de\/wp-content\/uploads\/2022\/03\/DSC06365-768x960.jpg 768w, https:\/\/www.davidniel-ph.de\/wp-content\/uploads\/2022\/03\/DSC06365-1229x1536.jpg 1229w, https:\/\/www.davidniel-ph.de\/wp-content\/uploads\/2022\/03\/DSC06365-1638x2048.jpg 1638w, https:\/\/www.davidniel-ph.de\/wp-content\/uploads\/2022\/03\/DSC06365-216x270.jpg 216w, https:\/\/www.davidniel-ph.de\/wp-content\/uploads\/2022\/03\/DSC06365-scaled.jpg 2048w\" sizes=\"auto, (max-width: 800px) 100vw, 800px\" \/>\t\t\t\t\t\t\t\t\t\t\t\t\t\t<\/div>\n\t\t\t\t\t\t<\/div>\n\t\t\t\t<\/div>\n\t\t\t\t\t\t<\/div>\n\t\t\t\t\t<\/div>\n\t\t<\/div>\n\t\t\t\t<div class=\"elementor-column elementor-col-50 elementor-top-column elementor-element elementor-element-62d9a68\" data-id=\"62d9a68\" data-element_type=\"column\">\n\t\t\t<div class=\"elementor-column-wrap elementor-element-populated\">\n\t\t\t\t\t\t\t<div class=\"elementor-widget-wrap\">\n\t\t\t\t\t\t<div class=\"elementor-element elementor-element-756f50e elementor-widget elementor-widget-text-editor\" data-id=\"756f50e\" data-element_type=\"widget\" data-widget_type=\"text-editor.default\">\n\t\t\t\t<div class=\"elementor-widget-container\">\n\t\t\t\t\t\t\t\t<div class=\"elementor-text-editor elementor-clearfix\">\n\t\t\t\t\t<p>\u00a0<\/p><p><b>\u00a0<\/b><\/p><h3><b>Single Portraits <\/b><\/h3><h3>Eine Person, 1 Location, 40 min Fotografieren, 20 Fotos<\/h3><h3><b>ab 100 \u20ac<\/b><\/h3><div>\u00a0<\/div>\t\t\t\t\t<\/div>\n\t\t\t\t\t\t<\/div>\n\t\t\t\t<\/div>\n\t\t\t\t\t\t<\/div>\n\t\t\t\t\t<\/div>\n\t\t<\/div>\n\t\t\t\t\t\t\t\t<\/div>\n\t\t\t\t\t<\/div>\n\t\t<\/section>\n\t\t\t\t<section class=\"elementor-section elementor-top-section elementor-element elementor-element-a4c0584 elementor-section-boxed elementor-section-height-default elementor-section-height-default\" data-id=\"a4c0584\" data-element_type=\"section\">\n\t\t\t\t\t\t<div class=\"elementor-container elementor-column-gap-default\">\n\t\t\t\t\t\t\t<div class=\"elementor-row\">\n\t\t\t\t\t<div class=\"elementor-column elementor-col-50 elementor-top-column elementor-element elementor-element-ef332de\" data-id=\"ef332de\" data-element_type=\"column\">\n\t\t\t<div class=\"elementor-column-wrap elementor-element-populated\">\n\t\t\t\t\t\t\t<div class=\"elementor-widget-wrap\">\n\t\t\t\t\t\t<div class=\"elementor-element elementor-element-6a80234 elementor-widget elementor-widget-image\" data-id=\"6a80234\" data-element_type=\"widget\" data-widget_type=\"image.default\">\n\t\t\t\t<div class=\"elementor-widget-container\">\n\t\t\t\t\t\t\t\t<div class=\"elementor-image\">\n\t\t\t\t\t\t\t\t\t\t\t\t<img loading=\"lazy\" decoding=\"async\" width=\"800\" height=\"1000\" src=\"https:\/\/www.davidniel-ph.de\/wp-content\/uploads\/2022\/08\/DSC09245-819x1024.jpg\" class=\"attachment-large size-large\" alt=\"\" srcset=\"https:\/\/www.davidniel-ph.de\/wp-content\/uploads\/2022\/08\/DSC09245-819x1024.jpg 819w, https:\/\/www.davidniel-ph.de\/wp-content\/uploads\/2022\/08\/DSC09245-240x300.jpg 240w, https:\/\/www.davidniel-ph.de\/wp-content\/uploads\/2022\/08\/DSC09245-768x960.jpg 768w, https:\/\/www.davidniel-ph.de\/wp-content\/uploads\/2022\/08\/DSC09245-1229x1536.jpg 1229w, https:\/\/www.davidniel-ph.de\/wp-content\/uploads\/2022\/08\/DSC09245-1638x2048.jpg 1638w, https:\/\/www.davidniel-ph.de\/wp-content\/uploads\/2022\/08\/DSC09245-216x270.jpg 216w, https:\/\/www.davidniel-ph.de\/wp-content\/uploads\/2022\/08\/DSC09245-scaled.jpg 2048w\" sizes=\"auto, (max-width: 800px) 100vw, 800px\" \/>\t\t\t\t\t\t\t\t\t\t\t\t\t\t<\/div>\n\t\t\t\t\t\t<\/div>\n\t\t\t\t<\/div>\n\t\t\t\t\t\t<\/div>\n\t\t\t\t\t<\/div>\n\t\t<\/div>\n\t\t\t\t<div class=\"elementor-column elementor-col-50 elementor-top-column elementor-element elementor-element-69c7f0b\" data-id=\"69c7f0b\" data-element_type=\"column\">\n\t\t\t<div class=\"elementor-column-wrap elementor-element-populated\">\n\t\t\t\t\t\t\t<div class=\"elementor-widget-wrap\">\n\t\t\t\t\t\t<div class=\"elementor-element elementor-element-3b0118c elementor-widget elementor-widget-text-editor\" data-id=\"3b0118c\" data-element_type=\"widget\" data-widget_type=\"text-editor.default\">\n\t\t\t\t<div class=\"elementor-widget-container\">\n\t\t\t\t\t\t\t\t<div class=\"elementor-text-editor elementor-clearfix\">\n\t\t\t\t\t<p><b>\u00a0<\/b><\/p><p><b>\u00a0<\/b><\/p><h3><b>Paarshooting<\/b><\/h3><h3>2 Personen, 1 Location, 60 min Fotografieren, 40 Fotos<\/h3><h3><b>ab 150 \u20ac<\/b><\/h3><div>\u00a0<\/div><div>\u00a0<\/div>\t\t\t\t\t<\/div>\n\t\t\t\t\t\t<\/div>\n\t\t\t\t<\/div>\n\t\t\t\t\t\t<\/div>\n\t\t\t\t\t<\/div>\n\t\t<\/div>\n\t\t\t\t\t\t\t\t<\/div>\n\t\t\t\t\t<\/div>\n\t\t<\/section>\n\t\t\t\t<section class=\"elementor-section elementor-top-section elementor-element elementor-element-65ddf8b elementor-section-boxed elementor-section-height-default elementor-section-height-default\" data-id=\"65ddf8b\" data-element_type=\"section\">\n\t\t\t\t\t\t<div class=\"elementor-container elementor-column-gap-default\">\n\t\t\t\t\t\t\t<div class=\"elementor-row\">\n\t\t\t\t\t<div class=\"elementor-column elementor-col-50 elementor-top-column elementor-element elementor-element-0602040\" data-id=\"0602040\" data-element_type=\"column\">\n\t\t\t<div class=\"elementor-column-wrap elementor-element-populated\">\n\t\t\t\t\t\t\t<div class=\"elementor-widget-wrap\">\n\t\t\t\t\t\t<div class=\"elementor-element elementor-element-cedcfec elementor-widget elementor-widget-image\" data-id=\"cedcfec\" data-element_type=\"widget\" data-widget_type=\"image.default\">\n\t\t\t\t<div class=\"elementor-widget-container\">\n\t\t\t\t\t\t\t\t<div class=\"elementor-image\">\n\t\t\t\t\t\t\t\t\t\t\t\t<img loading=\"lazy\" decoding=\"async\" width=\"800\" height=\"999\" src=\"https:\/\/www.davidniel-ph.de\/wp-content\/uploads\/2024\/01\/upload-3-820x1024.jpg\" class=\"attachment-large size-large\" alt=\"\" srcset=\"https:\/\/www.davidniel-ph.de\/wp-content\/uploads\/2024\/01\/upload-3-820x1024.jpg 820w, https:\/\/www.davidniel-ph.de\/wp-content\/uploads\/2024\/01\/upload-3-240x300.jpg 240w, https:\/\/www.davidniel-ph.de\/wp-content\/uploads\/2024\/01\/upload-3-768x959.jpg 768w, https:\/\/www.davidniel-ph.de\/wp-content\/uploads\/2024\/01\/upload-3-1230x1536.jpg 1230w, https:\/\/www.davidniel-ph.de\/wp-content\/uploads\/2024\/01\/upload-3-1640x2048.jpg 1640w, https:\/\/www.davidniel-ph.de\/wp-content\/uploads\/2024\/01\/upload-3-216x270.jpg 216w\" sizes=\"auto, (max-width: 800px) 100vw, 800px\" \/>\t\t\t\t\t\t\t\t\t\t\t\t\t\t<\/div>\n\t\t\t\t\t\t<\/div>\n\t\t\t\t<\/div>\n\t\t\t\t\t\t<\/div>\n\t\t\t\t\t<\/div>\n\t\t<\/div>\n\t\t\t\t<div class=\"elementor-column elementor-col-50 elementor-top-column elementor-element elementor-element-43a0472\" data-id=\"43a0472\" data-element_type=\"column\">\n\t\t\t<div class=\"elementor-column-wrap elementor-element-populated\">\n\t\t\t\t\t\t\t<div class=\"elementor-widget-wrap\">\n\t\t\t\t\t\t<div class=\"elementor-element elementor-element-8340b59 elementor-widget elementor-widget-text-editor\" data-id=\"8340b59\" data-element_type=\"widget\" data-widget_type=\"text-editor.default\">\n\t\t\t\t<div class=\"elementor-widget-container\">\n\t\t\t\t\t\t\t\t<div class=\"elementor-text-editor elementor-clearfix\">\n\t\t\t\t\t<p>\u00a0<\/p><p><b>\u00a0<\/b><\/p><h3><b>Hochzeit Small<\/b><\/h3><h3>Eventbegleitung, Trauort + 1 weitere Location, 120 min, 90 Fotos<\/h3><h3><b>ab 300\u20ac<br \/><\/b><\/h3><p>\u00a0<\/p>\t\t\t\t\t<\/div>\n\t\t\t\t\t\t<\/div>\n\t\t\t\t<\/div>\n\t\t\t\t\t\t<\/div>\n\t\t\t\t\t<\/div>\n\t\t<\/div>\n\t\t\t\t\t\t\t\t<\/div>\n\t\t\t\t\t<\/div>\n\t\t<\/section>\n\t\t\t\t<section class=\"elementor-section elementor-top-section elementor-element elementor-element-3782a6b elementor-section-boxed elementor-section-height-default elementor-section-height-default\" data-id=\"3782a6b\" data-element_type=\"section\">\n\t\t\t\t\t\t<div class=\"elementor-container elementor-column-gap-default\">\n\t\t\t\t\t\t\t<div class=\"elementor-row\">\n\t\t\t\t\t<div class=\"elementor-column elementor-col-50 elementor-top-column elementor-element elementor-element-8b16f21\" data-id=\"8b16f21\" data-element_type=\"column\">\n\t\t\t<div class=\"elementor-column-wrap elementor-element-populated\">\n\t\t\t\t\t\t\t<div class=\"elementor-widget-wrap\">\n\t\t\t\t\t\t<div class=\"elementor-element elementor-element-e46888a elementor-widget elementor-widget-image\" data-id=\"e46888a\" data-element_type=\"widget\" data-widget_type=\"image.default\">\n\t\t\t\t<div class=\"elementor-widget-container\">\n\t\t\t\t\t\t\t\t<div class=\"elementor-image\">\n\t\t\t\t\t\t\t\t\t\t\t\t<img loading=\"lazy\" decoding=\"async\" width=\"773\" height=\"1024\" src=\"https:\/\/www.davidniel-ph.de\/wp-content\/uploads\/2022\/10\/DSC02264-773x1024.jpg\" class=\"attachment-large size-large\" alt=\"\" srcset=\"https:\/\/www.davidniel-ph.de\/wp-content\/uploads\/2022\/10\/DSC02264-773x1024.jpg 773w, https:\/\/www.davidniel-ph.de\/wp-content\/uploads\/2022\/10\/DSC02264-227x300.jpg 227w, https:\/\/www.davidniel-ph.de\/wp-content\/uploads\/2022\/10\/DSC02264-768x1017.jpg 768w, https:\/\/www.davidniel-ph.de\/wp-content\/uploads\/2022\/10\/DSC02264-1160x1536.jpg 1160w, https:\/\/www.davidniel-ph.de\/wp-content\/uploads\/2022\/10\/DSC02264-1546x2048.jpg 1546w, https:\/\/www.davidniel-ph.de\/wp-content\/uploads\/2022\/10\/DSC02264-204x270.jpg 204w, https:\/\/www.davidniel-ph.de\/wp-content\/uploads\/2022\/10\/DSC02264-scaled.jpg 1933w\" sizes=\"auto, (max-width: 773px) 100vw, 773px\" \/>\t\t\t\t\t\t\t\t\t\t\t\t\t\t<\/div>\n\t\t\t\t\t\t<\/div>\n\t\t\t\t<\/div>\n\t\t\t\t\t\t<\/div>\n\t\t\t\t\t<\/div>\n\t\t<\/div>\n\t\t\t\t<div class=\"elementor-column elementor-col-50 elementor-top-column elementor-element elementor-element-0a7c1d6\" data-id=\"0a7c1d6\" data-element_type=\"column\">\n\t\t\t<div class=\"elementor-column-wrap elementor-element-populated\">\n\t\t\t\t\t\t\t<div class=\"elementor-widget-wrap\">\n\t\t\t\t\t\t<div class=\"elementor-element elementor-element-d93bbcc elementor-widget elementor-widget-text-editor\" data-id=\"d93bbcc\" data-element_type=\"widget\" data-widget_type=\"text-editor.default\">\n\t\t\t\t<div class=\"elementor-widget-container\">\n\t\t\t\t\t\t\t\t<div class=\"elementor-text-editor elementor-clearfix\">\n\t\t\t\t\t<p><b>\u00a0<\/b><\/p><p><b>\u00a0<\/b><\/p><h3><b>Hochzeit Complete<br \/><\/b><\/h3><h3>Eventbegleitung, Trauort + 2 weitere Locations, ab 180 min, 140 Fotos + 30 Fotos je Stunde<b><br \/><\/b><\/h3><h3><b>ab 450\u20ac <br \/><\/b><\/h3><h3><b>\u00a0&#8211; 150\u20ac je weitere Stunde<br \/><\/b><\/h3>\t\t\t\t\t<\/div>\n\t\t\t\t\t\t<\/div>\n\t\t\t\t<\/div>\n\t\t\t\t\t\t<\/div>\n\t\t\t\t\t<\/div>\n\t\t<\/div>\n\t\t\t\t\t\t\t\t<\/div>\n\t\t\t\t\t<\/div>\n\t\t<\/section>\n\t\t\t\t<section class=\"elementor-section elementor-top-section elementor-element elementor-element-7aee63a elementor-section-boxed elementor-section-height-default elementor-section-height-default\" data-id=\"7aee63a\" data-element_type=\"section\">\n\t\t\t\t\t\t<div class=\"elementor-container elementor-column-gap-default\">\n\t\t\t\t\t\t\t<div class=\"elementor-row\">\n\t\t\t\t\t<div class=\"elementor-column elementor-col-100 elementor-top-column elementor-element elementor-element-4466d5c\" data-id=\"4466d5c\" data-element_type=\"column\">\n\t\t\t<div class=\"elementor-column-wrap elementor-element-populated\">\n\t\t\t\t\t\t\t<div class=\"elementor-widget-wrap\">\n\t\t\t\t\t\t<div class=\"elementor-element elementor-element-8697837 elementor-widget elementor-widget-heading\" data-id=\"8697837\" data-element_type=\"widget\" data-widget_type=\"heading.default\">\n\t\t\t\t<div class=\"elementor-widget-container\">\n\t\t\t<h2 class=\"elementor-heading-title elementor-size-default\">Allgemeines<\/h2>\t\t<\/div>\n\t\t\t\t<\/div>\n\t\t\t\t<div class=\"elementor-element elementor-element-f0846d9 elementor-widget elementor-widget-text-editor\" data-id=\"f0846d9\" data-element_type=\"widget\" data-widget_type=\"text-editor.default\">\n\t\t\t\t<div class=\"elementor-widget-container\">\n\t\t\t\t\t\t\t\t<div class=\"elementor-text-editor elementor-clearfix\">\n\t\t\t\t\t<h4><b>Vorgespr\u00e4ch <\/b>&#8211; Nach eurer Anfrage werde ich euch zeitnah kontaktieren und mit euch \u00fcber Erwartungen, Ideen, den Zeitpunkt und die Location sprechen. Gerne gebe ich euch Tipps und beantworte offene Fragen.<\/h4><h4><b>Location <\/b>&#8211; Im Vorgespr\u00e4ch sprechen wir \u00fcber eine Location und ob ihr besondere W\u00fcnsche oder vergleichbares habt. Gerne schlage ich auch eine Location vor (Locations innerhalb des Rhein-Lahn-Kreises und Koblenz sind im Preis inbegriffen, bei l\u00e4ngeren Anfahrten berechne ich 0,50 \u20ac pro km ab Koblenz).<\/h4><h4><b>Bilder <\/b>&#8211; Die Bilder werden im zuvor gew\u00e4hlten Bildstil bearbeitet, farblich optimiert und angepasst. Es gibt keine umfassende Beauty-Retuschierung. Die Bilder werden per Online Gallerie 30 Tage zum Download zur Verf\u00fcgung gestellt. Die Bildanzahl ist abh\u00e4ngig vom gebuchten Paket (weiter Bilder sind vorab zu buchen).<\/h4><p>\u00a0<\/p>\t\t\t\t\t<\/div>\n\t\t\t\t\t\t<\/div>\n\t\t\t\t<\/div>\n\t\t\t\t\t\t<\/div>\n\t\t\t\t\t<\/div>\n\t\t<\/div>\n\t\t\t\t\t\t\t\t<\/div>\n\t\t\t\t\t<\/div>\n\t\t<\/section>\n\t\t\t\t\t\t<\/div>\n\t\t\t\t\t\t<\/div>\n\t\t\t\t\t<\/div>\n\t\t","protected":false},"excerpt":{"rendered":"<p>\u00a0 \u00a0 Single Portraits Eine Person, 1 Location, 40 min Fotografieren, 20 Fotos ab 100 \u20ac \u00a0 \u00a0 \u00a0 Paarshooting 2 Personen, 1 Location, 60 min Fotografieren, 40 Fotos ab &#8230;<\/p>\n","protected":false},"author":1,"featured_media":0,"parent":0,"menu_order":0,"comment_status":"closed","ping_status":"closed","template":"elementor_theme","meta":{"footnotes":""},"class_list":["post-34","page","type-page","status-publish","hentry"],"_links":{"self":[{"href":"https:\/\/www.davidniel-ph.de\/index.php?rest_route=\/wp\/v2\/pages\/34","targetHints":{"allow":["GET"]}}],"collection":[{"href":"https:\/\/www.davidniel-ph.de\/index.php?rest_route=\/wp\/v2\/pages"}],"about":[{"href":"https:\/\/www.davidniel-ph.de\/index.php?rest_route=\/wp\/v2\/types\/page"}],"author":[{"embeddable":true,"href":"https:\/\/www.davidniel-ph.de\/index.php?rest_route=\/wp\/v2\/users\/1"}],"replies":[{"embeddable":true,"href":"https:\/\/www.davidniel-ph.de\/index.php?rest_route=%2Fwp%2Fv2%2Fcomments&post=34"}],"version-history":[{"count":40,"href":"https:\/\/www.davidniel-ph.de\/index.php?rest_route=\/wp\/v2\/pages\/34\/revisions"}],"predecessor-version":[{"id":1631,"href":"https:\/\/www.davidniel-ph.de\/index.php?rest_route=\/wp\/v2\/pages\/34\/revisions\/1631"}],"wp:attachment":[{"href":"https:\/\/www.davidniel-ph.de\/index.php?rest_route=%2Fwp%2Fv2%2Fmedia&parent=34"}],"curies":[{"name":"wp","href":"https:\/\/api.w.org\/{rel}","templated":true}]}}